{"id":217,"date":"2015-03-04T18:08:09","date_gmt":"2015-03-04T18:08:09","guid":{"rendered":"http:\/\/colegionuevohorizonte.cl\/?page_id=217"},"modified":"2025-09-23T18:08:38","modified_gmt":"2025-09-23T18:08:38","slug":"listas-de-utiles-2015-2","status":"publish","type":"page","link":"https:\/\/colegionuevohorizonte.cl\/wp-admin\/listas-de-utiles-2015-2\/","title":{"rendered":"DEPARTAMENTO DE EFI"},"content":{"rendered":"\n<p>El departamento de Educaci\u00f3n F\u00edsica de nuestro Colegio, a trav\u00e9s del subsector del mismo nombre, tiene como principal finalidad <strong>\u201cEducar a trav\u00e9s del Movimiento\u201d<\/strong>, desarrollando aptitudes f\u00edsicas, sociales y val\u00f3ricas, dando \u00e9nfasis en el cuidado de la salud, de su propio cuerpo, la higiene y el cuidado del medio ambiente.<\/p>\n\n\n\n<p>Los integrantes del Departamento son la profesora Mackarena Zamora Cabrera para las damas y el profesor Ra\u00fal Parra Meza para los varones.<\/p>\n\n\n\n<p>En este apartado publicaremos evidencias de algunas de sus clases durante este a\u00f1o 2025.<\/p>\n\n\n\n<p> <\/p>\n\n\n\n<p>Segundo b\u00e1sico en clases el d\u00eda Jueves 10 Abril<\/p>\n\n\n\n<figure class=\"wp-block-embed is-type-video is-provider-youtube wp-block-embed-youtube wp-embed-aspect-16-9 wp-has-aspect-ratio\"><div class=\"wp-block-embed__wrapper\">\n<iframe loading=\"lazy\" title=\"2\u00b0\" width=\"500\" height=\"281\" src=\"https:\/\/www.youtube.com\/embed\/AIeKMVNcwfk?feature=oembed\" frameborder=\"0\" allow=\"accelerometer; autoplay; clipboard-write; encrypted-media; gyroscope; picture-in-picture; web-share\" referrerpolicy=\"strict-origin-when-cross-origin\" allowfullscreen><\/iframe>\n<\/div><\/figure>\n\n\n\n<p>Segundo b\u00e1sico Locomoci\u00f3n<\/p>\n\n\n\n<figure class=\"wp-block-embed is-type-video is-provider-youtube wp-block-embed-youtube wp-embed-aspect-16-9 wp-has-aspect-ratio\"><div class=\"wp-block-embed__wrapper\">\n<iframe loading=\"lazy\" title=\"2\u00b0 locomoci\u00f3n\" width=\"500\" height=\"281\" src=\"https:\/\/www.youtube.com\/embed\/tY9PaMunocY?feature=oembed\" frameborder=\"0\" allow=\"accelerometer; autoplay; clipboard-write; encrypted-media; gyroscope; picture-in-picture; web-share\" referrerpolicy=\"strict-origin-when-cross-origin\" allowfullscreen><\/iframe>\n<\/div><\/figure>\n\n\n\n<p>Sexto b\u00e1sico Deportes colectivos<\/p>\n\n\n\n<figure class=\"wp-block-embed is-type-video is-provider-youtube wp-block-embed-youtube wp-embed-aspect-16-9 wp-has-aspect-ratio\"><div class=\"wp-block-embed__wrapper\">\n<iframe loading=\"lazy\" title=\"6\u00b0 deportes colectivos\" width=\"500\" height=\"281\" src=\"https:\/\/www.youtube.com\/embed\/_Ndn4DnTNyg?feature=oembed\" frameborder=\"0\" allow=\"accelerometer; autoplay; clipboard-write; encrypted-media; gyroscope; picture-in-picture; web-share\" referrerpolicy=\"strict-origin-when-cross-origin\" allowfullscreen><\/iframe>\n<\/div><\/figure>\n\n\n\n<p>Clase 2 de Manipulaci\u00f3n 2\u00b0 b\u00e1sico<\/p>\n\n\n\n<figure class=\"wp-block-image size-large\"><a href=\"https:\/\/colegionuevohorizonte.cl\/wp-content\/uploads\/2025\/07\/WhatsApp-Image-2025-07-25-at-12.31.41.jpeg\"><img decoding=\"async\" loading=\"lazy\" width=\"1024\" height=\"414\" src=\"https:\/\/colegionuevohorizonte.cl\/wp-content\/uploads\/2025\/07\/WhatsApp-Image-2025-07-25-at-12.31.41-1024x414.jpeg\" alt=\"\" class=\"wp-image-4673\" srcset=\"https:\/\/colegionuevohorizonte.cl\/wp-content\/uploads\/2025\/07\/WhatsApp-Image-2025-07-25-at-12.31.41-1024x414.jpeg 1024w, https:\/\/colegionuevohorizonte.cl\/wp-content\/uploads\/2025\/07\/WhatsApp-Image-2025-07-25-at-12.31.41-300x121.jpeg 300w, https:\/\/colegionuevohorizonte.cl\/wp-content\/uploads\/2025\/07\/WhatsApp-Image-2025-07-25-at-12.31.41-768x311.jpeg 768w, https:\/\/colegionuevohorizonte.cl\/wp-content\/uploads\/2025\/07\/WhatsApp-Image-2025-07-25-at-12.31.41.jpeg 1280w\" sizes=\"(max-width: 1024px) 100vw, 1024px\" \/><\/a><\/figure>\n\n\n\n<figure class=\"wp-block-embed is-type-video is-provider-youtube wp-block-embed-youtube wp-embed-aspect-16-9 wp-has-aspect-ratio\"><div class=\"wp-block-embed__wrapper\">\n<iframe loading=\"lazy\" title=\"clase 2\" width=\"500\" height=\"281\" src=\"https:\/\/www.youtube.com\/embed\/eOsGGmb738E?feature=oembed\" frameborder=\"0\" allow=\"accelerometer; autoplay; clipboard-write; encrypted-media; gyroscope; picture-in-picture; web-share\" referrerpolicy=\"strict-origin-when-cross-origin\" allowfullscreen><\/iframe>\n<\/div><\/figure>\n\n\n\n<p>PRE KINDER Y KINDER EN CLASES DE EFI, JUEGOS TRADICIONALES LUNES 22 SEPTIEMBRE<\/p>\n\n\n\n<p> <\/p>\n\n\n\n<figure class=\"wp-block-embed is-type-video is-provider-youtube wp-block-embed-youtube wp-embed-aspect-16-9 wp-has-aspect-ratio\"><div class=\"wp-block-embed__wrapper\">\n<iframe loading=\"lazy\" title=\"CLASES DE EFI\" width=\"500\" height=\"281\" src=\"https:\/\/www.youtube.com\/embed\/OZLeBn31l1E?feature=oembed\" frameborder=\"0\" allow=\"accelerometer; autoplay; clipboard-write; encrypted-media; gyroscope; picture-in-picture; web-share\" referrerpolicy=\"strict-origin-when-cross-origin\" allowfullscreen><\/iframe>\n<\/div><\/figure>\n\n\n\n<figure class=\"wp-block-embed is-type-video is-provider-youtube wp-block-embed-youtube wp-embed-aspect-16-9 wp-has-aspect-ratio\"><div class=\"wp-block-embed__wrapper\">\n<iframe loading=\"lazy\" title=\"CLASES DE EFI\" width=\"500\" height=\"281\" src=\"https:\/\/www.youtube.com\/embed\/JlTd95laJ2M?feature=oembed\" frameborder=\"0\" allow=\"accelerometer; autoplay; clipboard-write; encrypted-media; gyroscope; picture-in-picture; web-share\" referrerpolicy=\"strict-origin-when-cross-origin\" allowfullscreen><\/iframe>\n<\/div><\/figure>\n\n\n\n<figure class=\"wp-block-embed is-type-video is-provider-youtube wp-block-embed-youtube wp-embed-aspect-16-9 wp-has-aspect-ratio\"><div class=\"wp-block-embed__wrapper\">\n<iframe loading=\"lazy\" title=\"CLASES DE EFI\" width=\"500\" height=\"281\" src=\"https:\/\/www.youtube.com\/embed\/rTAclJEkDNI?feature=oembed\" frameborder=\"0\" allow=\"accelerometer; autoplay; clipboard-write; encrypted-media; gyroscope; picture-in-picture; web-share\" referrerpolicy=\"strict-origin-when-cross-origin\" allowfullscreen><\/iframe>\n<\/div><\/figure>\n\n\n\n<figure class=\"wp-block-embed is-type-video is-provider-youtube wp-block-embed-youtube wp-embed-aspect-16-9 wp-has-aspect-ratio\"><div class=\"wp-block-embed__wrapper\">\n<iframe loading=\"lazy\" title=\"CLASES DE EFI\" width=\"500\" height=\"281\" src=\"https:\/\/www.youtube.com\/embed\/_EMy9lQ9IM8?feature=oembed\" frameborder=\"0\" allow=\"accelerometer; autoplay; clipboard-write; encrypted-media; gyroscope; picture-in-picture; web-share\" referrerpolicy=\"strict-origin-when-cross-origin\" allowfullscreen><\/iframe>\n<\/div><\/figure>\n\n\n\n<figure class=\"wp-block-embed is-type-video is-provider-youtube wp-block-embed-youtube wp-embed-aspect-16-9 wp-has-aspect-ratio\"><div class=\"wp-block-embed__wrapper\">\n<iframe loading=\"lazy\" title=\"CLASES DE EFI\" width=\"500\" height=\"281\" src=\"https:\/\/www.youtube.com\/embed\/OZLeBn31l1E?feature=oembed\" frameborder=\"0\" allow=\"accelerometer; autoplay; clipboard-write; encrypted-media; gyroscope; picture-in-picture; web-share\" referrerpolicy=\"strict-origin-when-cross-origin\" allowfullscreen><\/iframe>\n<\/div><\/figure>\n","protected":false},"excerpt":{"rendered":"<p>El departamento de Educaci\u00f3n F\u00edsica de nuestro Colegio, a trav\u00e9s del subsector del mismo nombre, tiene como principal finalidad \u201cEducar a trav\u00e9s del Movimiento\u201d, desarrollando aptitudes f\u00edsicas, sociales y val\u00f3ricas,<\/p>\n<div class=\"more\">Leer M\u00e1s..<\/div>\n","protected":false},"author":3,"featured_media":4673,"parent":0,"menu_order":0,"comment_status":"open","ping_status":"open","template":"","meta":[],"acf":[],"_links":{"self":[{"href":"https:\/\/colegionuevohorizonte.cl\/wp-admin\/wp-json\/wp\/v2\/pages\/217"}],"collection":[{"href":"https:\/\/colegionuevohorizonte.cl\/wp-admin\/wp-json\/wp\/v2\/pages"}],"about":[{"href":"https:\/\/colegionuevohorizonte.cl\/wp-admin\/wp-json\/wp\/v2\/types\/page"}],"author":[{"embeddable":true,"href":"https:\/\/colegionuevohorizonte.cl\/wp-admin\/wp-json\/wp\/v2\/users\/3"}],"replies":[{"embeddable":true,"href":"https:\/\/colegionuevohorizonte.cl\/wp-admin\/wp-json\/wp\/v2\/comments?post=217"}],"version-history":[{"count":24,"href":"https:\/\/colegionuevohorizonte.cl\/wp-admin\/wp-json\/wp\/v2\/pages\/217\/revisions"}],"predecessor-version":[{"id":4747,"href":"https:\/\/colegionuevohorizonte.cl\/wp-admin\/wp-json\/wp\/v2\/pages\/217\/revisions\/4747"}],"wp:featuredmedia":[{"embeddable":true,"href":"https:\/\/colegionuevohorizonte.cl\/wp-admin\/wp-json\/wp\/v2\/media\/4673"}],"wp:attachment":[{"href":"https:\/\/colegionuevohorizonte.cl\/wp-admin\/wp-json\/wp\/v2\/media?parent=217"}],"curies":[{"name":"wp","href":"https:\/\/api.w.org\/{rel}","templated":true}]}}