{"id":159,"date":"2014-11-30T22:23:48","date_gmt":"2014-11-30T22:23:48","guid":{"rendered":"http:\/\/colegionuevohorizonte.cl\/?page_id=159"},"modified":"2014-11-30T22:23:48","modified_gmt":"2014-11-30T22:23:48","slug":"perfil-docente","status":"publish","type":"page","link":"https:\/\/colegionuevohorizonte.cl\/wp-admin\/perfil-docente\/","title":{"rendered":"Perfil Docente"},"content":{"rendered":"<p>El perfil de nuestros profesores debe tener caracter\u00edsticas personales que los distingan en todo momento como un profesor Nuevo Horizonte, con flexibilidad, creatividad, con control sobre sus emociones y con excelentes relaciones interpersonales. En el plano social debe ser capaz de trabajar en equipo, tener liderazgo y sensibilidad democr\u00e1tica y ecol\u00f3gica.<\/p>\n<p>En cuanto a las competencias cognitivas, debe tener habilidades de pensamiento, autonom\u00eda intelectual, saber aprender, buscar y seleccionar informaci\u00f3n, tener s\u00f3lidos conocimiento de los contenidos disciplinarios que deben ense\u00f1ar, con habilidades de investigaci\u00f3n y reflexi\u00f3n, saber c\u00f3mo y a quien ense\u00f1arlo.<\/p>\n<p>Contamos con profesores que est\u00e1n en constante perfeccionamiento, dispuestos a mejorar sus pr\u00e1cticas en v\u00edas de nuestros resultados acad\u00e9micos, trabajando en talleres que refuerzan las horas sistem\u00e1ticas, para esto se cuenta con la exclusividad de sus horas, en la mayor\u00eda de los casos.<\/p>\n<p>Tanto Directivos Docentes como Profesores, trabajamos en equipo en forma responsable en un trato ameno y solidario que nos permite avanzar en forma segura y firme.<\/p>\n","protected":false},"excerpt":{"rendered":"<p>El perfil de nuestros profesores debe tener caracter\u00edsticas personales que los distingan en todo momento como un profesor Nuevo Horizonte, con flexibilidad, creatividad, con control sobre sus emociones y con<\/p>\n<div class=\"more\">Leer M\u00e1s..<\/div>\n","protected":false},"author":2,"featured_media":0,"parent":0,"menu_order":0,"comment_status":"open","ping_status":"open","template":"","meta":[],"acf":[],"_links":{"self":[{"href":"https:\/\/colegionuevohorizonte.cl\/wp-admin\/wp-json\/wp\/v2\/pages\/159"}],"collection":[{"href":"https:\/\/colegionuevohorizonte.cl\/wp-admin\/wp-json\/wp\/v2\/pages"}],"about":[{"href":"https:\/\/colegionuevohorizonte.cl\/wp-admin\/wp-json\/wp\/v2\/types\/page"}],"author":[{"embeddable":true,"href":"https:\/\/colegionuevohorizonte.cl\/wp-admin\/wp-json\/wp\/v2\/users\/2"}],"replies":[{"embeddable":true,"href":"https:\/\/colegionuevohorizonte.cl\/wp-admin\/wp-json\/wp\/v2\/comments?post=159"}],"version-history":[{"count":0,"href":"https:\/\/colegionuevohorizonte.cl\/wp-admin\/wp-json\/wp\/v2\/pages\/159\/revisions"}],"wp:attachment":[{"href":"https:\/\/colegionuevohorizonte.cl\/wp-admin\/wp-json\/wp\/v2\/media?parent=159"}],"curies":[{"name":"wp","href":"https:\/\/api.w.org\/{rel}","templated":true}]}}