{"id":156,"date":"2014-11-30T22:22:55","date_gmt":"2014-11-30T22:22:55","guid":{"rendered":"http:\/\/colegionuevohorizonte.cl\/?page_id=156"},"modified":"2019-06-12T15:46:02","modified_gmt":"2019-06-12T15:46:02","slug":"vision","status":"publish","type":"page","link":"https:\/\/colegionuevohorizonte.cl\/wp-admin\/vision\/","title":{"rendered":"Visi\u00f3n"},"content":{"rendered":"<p>El Colegio Nuevo Horizonte, aspira a ser un establecimiento inclusivo, abierto a la comunidad, que incorpore y atienda la diversidad a nivel cultural, social y acad\u00e9mico, mediante la perseverancia y el arduo trabajo de toda la comunidad educativa.<\/p>\n<p>Por lo tanto pretendemos formar estudiantes que en cuanto al ser \u2013 conocer \u2013 convivir y en el hacer, sean activos, capaces de liderar transformaciones y cambios acordes a su realidad, que se adapten a las demandas de la sociedad permiti\u00e9ndoles avanzar, ampliar sus expectativas de vida a trav\u00e9s de sus estudios y relaciones interpersonales.<\/p>\n<p>Nuestros alumnos ser\u00e1n capaces de interactuar con el entorno, construir sus propios conocimientos, desarrollar sus habilidades y actitudes inclusivas respetando la diversidad, multicultural, sexual, de g\u00e9nero, racial, \u00e9tnica y religiosa.<\/p>\n<p>Todo lo anterior, en un ambiente acogedor, de contenci\u00f3n, mediaci\u00f3n y cercan\u00eda afectiva.<\/p>\n","protected":false},"excerpt":{"rendered":"<p>El Colegio Nuevo Horizonte, aspira a ser un establecimiento inclusivo, abierto a la comunidad, que incorpore y atienda la diversidad a nivel cultural, social y acad\u00e9mico, mediante la perseverancia y<\/p>\n<div class=\"more\">Leer M\u00e1s..<\/div>\n","protected":false},"author":2,"featured_media":0,"parent":0,"menu_order":0,"comment_status":"open","ping_status":"open","template":"","meta":[],"acf":[],"_links":{"self":[{"href":"https:\/\/colegionuevohorizonte.cl\/wp-admin\/wp-json\/wp\/v2\/pages\/156"}],"collection":[{"href":"https:\/\/colegionuevohorizonte.cl\/wp-admin\/wp-json\/wp\/v2\/pages"}],"about":[{"href":"https:\/\/colegionuevohorizonte.cl\/wp-admin\/wp-json\/wp\/v2\/types\/page"}],"author":[{"embeddable":true,"href":"https:\/\/colegionuevohorizonte.cl\/wp-admin\/wp-json\/wp\/v2\/users\/2"}],"replies":[{"embeddable":true,"href":"https:\/\/colegionuevohorizonte.cl\/wp-admin\/wp-json\/wp\/v2\/comments?post=156"}],"version-history":[{"count":1,"href":"https:\/\/colegionuevohorizonte.cl\/wp-admin\/wp-json\/wp\/v2\/pages\/156\/revisions"}],"predecessor-version":[{"id":3046,"href":"https:\/\/colegionuevohorizonte.cl\/wp-admin\/wp-json\/wp\/v2\/pages\/156\/revisions\/3046"}],"wp:attachment":[{"href":"https:\/\/colegionuevohorizonte.cl\/wp-admin\/wp-json\/wp\/v2\/media?parent=156"}],"curies":[{"name":"wp","href":"https:\/\/api.w.org\/{rel}","templated":true}]}}