{"id":154,"date":"2014-11-30T22:22:29","date_gmt":"2014-11-30T22:22:29","guid":{"rendered":"http:\/\/colegionuevohorizonte.cl\/?page_id=154"},"modified":"2019-06-12T15:45:24","modified_gmt":"2019-06-12T15:45:24","slug":"mision","status":"publish","type":"page","link":"https:\/\/colegionuevohorizonte.cl\/wp-admin\/mision\/","title":{"rendered":"Misi\u00f3n"},"content":{"rendered":"<p>Somos una instituci\u00f3n educativa de buen nivel acad\u00e9mico, con un fuerte \u00e9nfasis en conservar un ambiente familiar y una sana convivencia escolar, donde el respeto, honradez, solidaridad, responsabilidad y compromiso entre el colegio y la familia. Esto favorece la formaci\u00f3n de j\u00f3venes proactivos, anal\u00edticos, reflexivos y con conciencia social que se integren a colegios de continuidad y puedan responder a las exigencias sociales que se les presenten en un futuro pr\u00f3ximo.<\/p>\n<p>El colegio Nuevo Horizonte tiene como misi\u00f3n la formaci\u00f3n integral\u00a0\u00a0 de sus estudiantes y el desarrollo de una cultura escolar inclusiva, de valoraci\u00f3n y compromiso con el aprendizaje, incorporando de manera sostenida estrategias claras orientadas al desarrollo del pensamiento creativo, cr\u00edtico y reflexivo, con la participaci\u00f3n de la comunidad dentro y fuera del espacio escolar.<\/p>\n","protected":false},"excerpt":{"rendered":"<p>Somos una instituci\u00f3n educativa de buen nivel acad\u00e9mico, con un fuerte \u00e9nfasis en conservar un ambiente familiar y una sana convivencia escolar, donde el respeto, honradez, solidaridad, responsabilidad y compromiso<\/p>\n<div class=\"more\">Leer M\u00e1s..<\/div>\n","protected":false},"author":2,"featured_media":0,"parent":0,"menu_order":0,"comment_status":"open","ping_status":"open","template":"","meta":[],"acf":[],"_links":{"self":[{"href":"https:\/\/colegionuevohorizonte.cl\/wp-admin\/wp-json\/wp\/v2\/pages\/154"}],"collection":[{"href":"https:\/\/colegionuevohorizonte.cl\/wp-admin\/wp-json\/wp\/v2\/pages"}],"about":[{"href":"https:\/\/colegionuevohorizonte.cl\/wp-admin\/wp-json\/wp\/v2\/types\/page"}],"author":[{"embeddable":true,"href":"https:\/\/colegionuevohorizonte.cl\/wp-admin\/wp-json\/wp\/v2\/users\/2"}],"replies":[{"embeddable":true,"href":"https:\/\/colegionuevohorizonte.cl\/wp-admin\/wp-json\/wp\/v2\/comments?post=154"}],"version-history":[{"count":1,"href":"https:\/\/colegionuevohorizonte.cl\/wp-admin\/wp-json\/wp\/v2\/pages\/154\/revisions"}],"predecessor-version":[{"id":3045,"href":"https:\/\/colegionuevohorizonte.cl\/wp-admin\/wp-json\/wp\/v2\/pages\/154\/revisions\/3045"}],"wp:attachment":[{"href":"https:\/\/colegionuevohorizonte.cl\/wp-admin\/wp-json\/wp\/v2\/media?parent=154"}],"curies":[{"name":"wp","href":"https:\/\/api.w.org\/{rel}","templated":true}]}}